{"id":273317,"date":"2026-05-04T16:19:16","date_gmt":"2026-05-04T16:19:16","guid":{"rendered":"https:\/\/tukciptakarya.com\/?page_id=273317"},"modified":"2026-05-04T16:19:16","modified_gmt":"2026-05-04T16:19:16","slug":"jak-niski-poziom-testosteronu-wplywa-na-erekcje","status":"publish","type":"page","link":"https:\/\/tukciptakarya.com\/index.php\/jak-niski-poziom-testosteronu-wplywa-na-erekcje\/","title":{"rendered":"Jak niski poziom testosteronu wp\u0142ywa na erekcj\u0119"},"content":{"rendered":"<h1>Levitra Original i niski poziom testosteronu: czy mo\u017cesz go u\u017cywa\u0107?<\/h1>\n<p>W tym artykule zbadano zwi\u0105zek pomi\u0119dzy Levitra Original i niskim poziomem testosteronu, badaj\u0105c ich interakcje, korzy\u015bci i potencjalne ryzyko.<\/p>\n<h2>Zrozumienie Levitry Original: przegl\u0105d<\/h2>\n<p>Levitra Original to lek na recept\u0119, stosowany g\u0142\u00f3wnie w leczeniu zaburze\u0144 erekcji (ED), schorzenia dotykaj\u0105cego miliony m\u0119\u017cczyzn na ca\u0142ym \u015bwiecie. Nale\u017cy do klasy lek\u00f3w zwanych inhibitorami fosfodiesterazy typu 5 (PDE5), kt\u00f3rych dzia\u0142anie polega na zwi\u0119kszeniu przep\u0142ywu krwi do pr\u0105cia, co pomaga osi\u0105gn\u0105\u0107 i utrzyma\u0107 erekcj\u0119. Znany og\u00f3lnie jako wardenafil, Levitra zosta\u0142 zatwierdzony przez FDA w 2003 roku i od tego czasu sta\u0142 si\u0119 zaufan\u0105 opcj\u0105 dla m\u0119\u017cczyzn cierpi\u0105cych na zaburzenia erekcji.<\/p>\n<p>W przeciwie\u0144stwie do innych lek\u00f3w na zaburzenia erekcji, Levitra znana jest ze swojego szybkiego dzia\u0142ania, kt\u00f3re zwykle zaczyna dzia\u0142a\u0107 w ci\u0105gu 30 do 60 minut. Jego skuteczno\u015b\u0107 mo\u017ce trwa\u0107 do czterech do pi\u0119ciu godzin, zapewniaj\u0105c odpowiednie okno na aktywno\u015b\u0107 seksualn\u0105. Cho\u0107 do dzia\u0142ania wymaga stymulacji seksualnej, Levitra jest chwalona za niezawodno\u015b\u0107 i mo\u017cliwy do opanowania profil skutk\u00f3w ubocznych, co czyni j\u0105 popularnym wyborem dla wielu os\u00f3b.<\/p>\n<h2>Rola testosteronu w zdrowiu m\u0119\u017cczyzn<\/h2>\n<p>Testosteron, g\u0142\u00f3wny m\u0119ski hormon, odgrywa kluczow\u0105 rol\u0119 w r\u00f3\u017cnych aspektach zdrowia m\u0119\u017cczyzn, wp\u0142ywaj\u0105c na samopoczucie fizyczne, emocjonalne i seksualne. Jest niezb\u0119dna do rozwoju m\u0119skich tkanek rozrodczych, utrzymania masy mi\u0119\u015bniowej, g\u0119sto\u015bci ko\u015bci oraz regulacji nastroju i poziomu energii. Poziom testosteronu naturalnie spada wraz z wiekiem, ale znaczne obni\u017cenie mo\u017ce prowadzi\u0107 do stanu zwanego hipogonadyzmem lub niskim poziomem testosteronu.<\/p>\n<p>Niski poziom testosteronu mo\u017ce wp\u0142ywa\u0107 na funkcje seksualne, zmniejszaj\u0105c libido i przyczyniaj\u0105c si\u0119 do zaburze\u0144 erekcji. Ponadto mo\u017ce wp\u0142ywa\u0107 na nastr\u00f3j, prowadz\u0105c do takich objaw\u00f3w, jak dra\u017cliwo\u015b\u0107, depresja i zm\u0119czenie. Rozpoznanie i zaj\u0119cie si\u0119 niskim poziomem testosteronu jest niezwykle istotne, poniewa\u017c mo\u017ce znacz\u0105co wp\u0142yn\u0105\u0107 na jako\u015b\u0107 \u017cycia i og\u00f3lny stan zdrowia m\u0119\u017cczyzny.<\/p>\n<h2>Jak niski poziom testosteronu wp\u0142ywa na erekcj\u0119<\/h2>\n<p>Testosteron odgrywa znacz\u0105c\u0105 rol\u0119 w procesach fizjologicznych prowadz\u0105cych do erekcji. Bierze udzia\u0142 w wytwarzaniu tlenku azotu w naczyniach krwiono\u015bnych, kluczowej cz\u0105steczce u\u0142atwiaj\u0105cej przep\u0142yw krwi w pr\u0105ciu, niezb\u0119dny do erekcji. Kiedy poziom testosteronu jest niski, proces ten mo\u017ce zosta\u0107 zahamowany, co utrudnia osi\u0105gni\u0119cie i utrzymanie erekcji.<\/p>\n<p>Co wi\u0119cej, niski poziom testosteronu mo\u017ce wp\u0142ywa\u0107 na pop\u0119d seksualny, co jeszcze bardziej komplikuje zdolno\u015b\u0107 do osi\u0105gni\u0119cia erekcji. Chocia\u017c zaburzenia erekcji mog\u0105 wynika\u0107 z r\u00f3\u017cnych czynnik\u00f3w, w tym problem\u00f3w psychologicznych, zwi\u0105zek mi\u0119dzy niskim poziomem testosteronu a zaburzeniami erekcji jest dobrze udokumentowany. W wielu przypadkach leczenie niskiego poziomu testosteronu mo\u017ce poprawi\u0107 erekcj\u0119, ale nie zawsze tak jest, co podkre\u015bla z\u0142o\u017cono\u015b\u0107 zaburze\u0144 erekcji.<\/p>\n<h2>Levitra Original: Mechanizm dzia\u0142ania<\/h2>\n<p>Levitra dzia\u0142a poprzez hamowanie dzia\u0142ania enzymu PDE5, kt\u00f3ry odpowiada za regulacj\u0119 przep\u0142ywu krwi w pr\u0105ciu. Blokuj\u0105c ten enzym, Levitra wzmaga dzia\u0142anie tlenku azotu, substancji chemicznej naturalnie wyst\u0119puj\u0105cej w organizmie, kt\u00f3ra rozlu\u017ania mi\u0119\u015bnie pr\u0105cia i zwi\u0119ksza przep\u0142yw krwi. Proces ten umo\u017cliwia m\u0119\u017cczyznom z zaburzeniami erekcji osi\u0105gni\u0119cie i utrzymanie erekcji w odpowiedzi na stymulacj\u0119 seksualn\u0105.<\/p>\n<p>Skuteczno\u015b\u0107 Levitry opiera si\u0119 na jej zdolno\u015bci do utrzymywania wy\u017cszego poziomu cyklicznego monofosforanu guanozyny (cGMP), substancji sprzyjaj\u0105cej rozszerzaniu naczy\u0144 krwiono\u015bnych i poprawie przep\u0142ywu krwi. Jako taka, Levitra jest skuteczna w leczeniu zaburze\u0144 erekcji, chocia\u017c jej skuteczno\u015b\u0107 mo\u017ce si\u0119 r\u00f3\u017cni\u0107 w zale\u017cno\u015bci od indywidualnych warunk\u00f3w zdrowotnych i innych lek\u00f3w.<\/p>\n<h2>Czy Levitra Original mo\u017ce pom\u00f3c przy niskim poziomie testosteronu??<\/h2>\n<p>Chocia\u017c Levitra jest skuteczna w leczeniu zaburze\u0144 <a href=\"https:\/\/pigulkaekspres.pl\/levitra-original-online-bez-recepty\">https:\/\/pigulkaekspres.pl\/levitra-original-online-bez-recepty<\/a> erekcji, nie leczy bezpo\u015brednio niskiego poziomu testosteronu. Rol\u0105 leku jest przede wszystkim poprawa erekcji poprzez zwi\u0119kszenie przep\u0142ywu krwi do pr\u0105cia. Nie wp\u0142ywa na produkcj\u0119 testosteronu ani jego poziom w organizmie. Jednak\u017ce w przypadku m\u0119\u017cczyzn cierpi\u0105cych zar\u00f3wno na zaburzenia erekcji, jak i niski poziom testosteronu, Levitra mo\u017ce nadal stanowi\u0107 cz\u0119\u015b\u0107 kompleksowego planu leczenia.<\/p>\n<p>W przypadkach, gdy niski poziom testosteronu jest czynnikiem przyczyniaj\u0105cym si\u0119 do zaburze\u0144 erekcji, leczenie zaburze\u0144 r\u00f3wnowagi hormonalnej za pomoc\u0105 Levitry mo\u017ce zapewni\u0107 bardziej wszechstronne korzy\u015bci. Na przyk\u0142ad terapi\u0119 zast\u0119pcz\u0105 testosteronem (TRT) mo\u017cna \u0142\u0105czy\u0107 z inhibitorami PDE5, takimi jak Levitra, w celu poprawy funkcji seksualnych, chocia\u017c podej\u015bcie to powinno by\u0107 starannie zarz\u0105dzane przez pracownika s\u0142u\u017cby zdrowia.<\/p>\n<h2>Potencjalne ryzyko stosowania Levitry przy niskim poziomie testosteronu<\/h2>\n<p>Stosowanie Levitry w po\u0142\u0105czeniu z niskim poziomem testosteronu mo\u017ce stwarza\u0107 pewne ryzyko, szczeg\u00f3lnie je\u015bli poziom testosteronu nie jest odpowiednio kontrolowany. Jedn\u0105 z obaw jest to, \u017ce bez rozwi\u0105zania problemu niedobor\u00f3w hormonalnych Levitra mo\u017ce nie by\u0107 tak skuteczna, co prowadzi do frustracji i potencjalnego niew\u0142a\u015bciwego stosowania leku. Dodatkowo, je\u015bli stosowana jest testosteronowa terapia zast\u0119pcza, mo\u017ce ona wchodzi\u0107 w interakcje z innymi lekami, w tym z Levitr\u0105, wp\u0142ywaj\u0105c na ich skuteczno\u015b\u0107.<\/p>\n<p>M\u0119\u017cczy\u017ani cierpi\u0105cy na choroby uk\u0142adu kr\u0105\u017cenia lub przyjmuj\u0105cy azotany powinni zachowa\u0107 ostro\u017cno\u015b\u0107 podczas stosowania Levitry, gdy\u017c mo\u017ce ona powodowa\u0107 znaczne spadki ci\u015bnienia krwi. Osoby rozwa\u017caj\u0105ce takie po\u0142\u0105czenie musz\u0105 koniecznie skonsultowa\u0107 si\u0119 ze swoim lekarzem, aby upewni\u0107 si\u0119, \u017ce wszystkie czynniki zosta\u0142y wzi\u0119te pod uwag\u0119 i odpowiednio zarz\u0105dzane.<\/p>\n<h2>Korzy\u015bci ze stosowania Levitry Original dla m\u0119\u017cczyzn z niskim poziomem testosteronu<\/h2>\n<p>Pomimo wyzwa\u0144 Levitra mo\u017ce zaoferowa\u0107 znaczne korzy\u015bci m\u0119\u017cczyznom z niskim poziomem testosteronu do\u015bwiadczaj\u0105cym zaburze\u0144 erekcji. Poprawiaj\u0105c przep\u0142yw krwi i erekcj\u0119, Levitra mo\u017ce pom\u00f3c przywr\u00f3ci\u0107 pewno\u015b\u0107 siebie i poprawi\u0107 satysfakcj\u0119 seksualn\u0105. Mo\u017ce to prowadzi\u0107 do poprawy relacji intymnych i og\u00f3lnej jako\u015bci \u017cycia.<\/p>\n<p>W przypadku os\u00f3b poddawanych terapii zast\u0119pczej testosteronem, po\u0142\u0105czenie jej z Levitr\u0105 mo\u017ce zapewni\u0107 efekt synergistyczny, gdzie r\u00f3wnowaga hormonalna wspiera popraw\u0119 funkcji seksualnych, a Levitra rozwi\u0105zuje bezpo\u015brednie problemy zwi\u0105zane z zaburzeniami erekcji. To podw\u00f3jne podej\u015bcie mo\u017ce by\u0107 szczeg\u00f3lnie skuteczne w przypadku m\u0119\u017cczyzn, u kt\u00f3rych zaburzenia erekcji s\u0105 wieloczynnikowe.<\/p>\n<h2>Alternatywne metody leczenia niskiego poziomu testosteronu<\/h2>\n<p>Opr\u00f3cz terapii zast\u0119pczej Levitr\u0105 i testosteronem istnieje kilka alternatywnych metod leczenia niskiego poziomu testosteronu. Zmiany stylu \u017cycia, takie jak regularne \u0107wiczenia, zbilansowana dieta i odpowiednia ilo\u015b\u0107 snu, mog\u0105 w naturalny spos\u00f3b podnie\u015b\u0107 poziom testosteronu. Kontrola wagi i redukcja stresu r\u00f3wnie\u017c odgrywaj\u0105 kluczow\u0105 rol\u0119 w utrzymaniu zdrowego poziomu hormon\u00f3w.<\/p>\n<p>Ponadto niekt\u00f3rzy m\u0119\u017cczy\u017ani wybieraj\u0105 suplementy zio\u0142owe, kt\u00f3re rzekomo zwi\u0119kszaj\u0105 poziom testosteronu. Jednak skuteczno\u015b\u0107 tych suplement\u00f3w mo\u017ce si\u0119 r\u00f3\u017cni\u0107 i nie s\u0105 one regulowane tak rygorystycznie, jak leki na recept\u0119. M\u0119\u017cczy\u017ani rozwa\u017caj\u0105cy tak\u0105 alternatyw\u0119 powinni skonsultowa\u0107 si\u0119 ze swoim lekarzem, aby zapewni\u0107 bezpiecze\u0144stwo i skuteczno\u015b\u0107.<\/p>\n<h2>Po\u0142\u0105czenie Levitry Original z terapi\u0105 testosteronem<\/h2>\n<p>Dla niekt\u00f3rych m\u0119\u017cczyzn po\u0142\u0105czenie Levitry z terapi\u0105 testosteronem mo\u017ce by\u0107 bardzo skuteczn\u0105 strategi\u0105 leczenia zaburze\u0144 erekcji zwi\u0105zanych z niskim poziomem testosteronu. Ta kombinacja ma na celu wyeliminowanie pierwotnej przyczyny braku r\u00f3wnowagi hormonalnej, jednocze\u015bnie zajmuj\u0105c si\u0119 bezpo\u015brednimi objawami zaburze\u0144 erekcji. Wymaga to jednak ostro\u017cnego zarz\u0105dzania i regularnego monitorowania przez pracownika s\u0142u\u017cby zdrowia, aby unikn\u0105\u0107 potencjalnych skutk\u00f3w ubocznych i interakcji.<\/p>\n<p>Przed zaleceniem tego \u0142\u0105czonego podej\u015bcia pracownicy s\u0142u\u017cby zdrowia zazwyczaj oceniaj\u0105 og\u00f3lny stan zdrowia pacjenta, poziom testosteronu i reakcj\u0119 na terapi\u0119. W zale\u017cno\u015bci od indywidualnej reakcji mo\u017ce by\u0107 konieczna modyfikacja ka\u017cdego leczenia, zapewniaj\u0105ca optymalne wyniki i minimalizuj\u0105ca ryzyko.<\/p>\n<h2>\u015arodki ostro\u017cno\u015bci podczas stosowania Levitra Original<\/h2>\n<p>Istnieje kilka \u015brodk\u00f3w ostro\u017cno\u015bci, kt\u00f3re nale\u017cy wzi\u0105\u0107 pod uwag\u0119 podczas stosowania Levitry, szczeg\u00f3lnie w przypadku m\u0119\u017cczyzn z niskim poziomem testosteronu. Przede wszystkim nale\u017cy przestrzega\u0107 przepisanej dawki i jej nie przekracza\u0107, gdy\u017c mo\u017ce to prowadzi\u0107 do dzia\u0142a\u0144 niepo\u017c\u0105danych. M\u0119\u017cczy\u017ani powinni tak\u017ce ujawnia\u0107 lekarzowi wszystkie przyjmowane leki, aby unikn\u0105\u0107 potencjalnych interakcji mi\u0119dzy lekami.<\/p>\n<p>Nale\u017cy r\u00f3wnie\u017c pami\u0119ta\u0107, \u017ce Levitry nie nale\u017cy miesza\u0107 z niekt\u00f3rymi substancjami, takimi jak alkohol czy sok grejpfrutowy, poniewa\u017c mog\u0105 one wp\u0142ywa\u0107 na metabolizm leku. M\u0119\u017cczy\u017ani cierpi\u0105cy na choroby wsp\u00f3\u0142istniej\u0105ce, takie jak choroby serca lub problemy z nerkami, powinni zasi\u0119gn\u0105\u0107 porady lekarza, aby upewni\u0107 si\u0119, \u017ce Levitra jest dla nich bezpieczna.<\/p>\n<h2>Konsultacja z lekarzem: co om\u00f3wi\u0107<\/h2>\n<p>Rozwa\u017caj\u0105c Levitr\u0119 i jej po\u0142\u0105czenie z terapi\u0105 testosteronem, niezb\u0119dna jest konsultacja z lekarzem. Pacjenci powinni by\u0107 przygotowani na om\u00f3wienie pe\u0142nej historii choroby, aktualnie przyjmowanych lek\u00f3w i wszelkich wyst\u0119puj\u0105cych objaw\u00f3w. Informacje te pomagaj\u0105 lekarzowi podejmowa\u0107 \u015bwiadome decyzje dotycz\u0105ce najodpowiedniejszego podej\u015bcia do leczenia.<\/p>\n<p>Korzystne jest r\u00f3wnie\u017c, aby pacjenci pytali o potencjalne skutki uboczne, alternatywne metody leczenia i sposoby monitorowania odpowiedzi na leczenie. Otwarta komunikacja z lekarzem mo\u017ce prowadzi\u0107 do bardziej spersonalizowanego i skutecznego leczenia zaburze\u0144 erekcji i niskiego poziomu testosteronu.<\/p>\n<h2>Zmiany stylu \u017cycia w celu wsparcia terapii Levitr\u0105 i testosteronem<\/h2>\n<p>Opr\u00f3cz zabieg\u00f3w medycznych, zmiany stylu \u017cycia mog\u0105 znacz\u0105co wesprze\u0107 skuteczno\u015b\u0107 terapii Levitr\u0105 i testosteronem. Regularna aktywno\u015b\u0107 fizyczna to jeden z najskuteczniejszych sposob\u00f3w na naturalne podniesienie poziomu testosteronu. Wykazano, \u017ce \u0107wiczenia, szczeg\u00f3lnie podnoszenie ci\u0119\u017car\u00f3w i trening interwa\u0142owy o wysokiej intensywno\u015bci, zwi\u0119kszaj\u0105 produkcj\u0119 hormon\u00f3w.<\/p>\n<p>Zr\u00f3wnowa\u017cona dieta bogata w niezb\u0119dne sk\u0142adniki od\u017cywcze, takie jak cynk i witamina D, wspiera r\u00f3wnie\u017c zdrowy poziom testosteronu. Zmniejszenie stresu poprzez praktyki uwa\u017cno\u015bci, takie jak medytacja lub joga, mo\u017ce jeszcze bardziej poprawi\u0107 og\u00f3lne samopoczucie i r\u00f3wnowag\u0119 hormonaln\u0105. \u0141\u0105cznie te zmiany stylu \u017cycia uzupe\u0142niaj\u0105 leczenie i promuj\u0105 holistyczne podej\u015bcie do leczenia zaburze\u0144 erekcji i niskiego poziomu testosteronu.<\/p>\n<h2>Do\u015bwiadczenia z \u017cycia codziennego: oryginalna Levitra i niski poziom testosteronu<\/h2>\n<p>Wielu m\u0119\u017cczyzn zg\u0142osi\u0142o pozytywne wyniki stosowania Levitry w po\u0142\u0105czeniu z terapi\u0105 testosteronem. Te rzeczywiste do\u015bwiadczenia podkre\u015blaj\u0105 znaczenie dostosowanego podej\u015bcia do leczenia zaburze\u0144 erekcji i niskiego poziomu testosteronu. Niekt\u00f3rzy m\u0119\u017cczy\u017ani odkryli, \u017ce to po\u0142\u0105czenie znacznie poprawi\u0142o jako\u015b\u0107 ich \u017cycia, przywracaj\u0105c zar\u00f3wno funkcje seksualne, jak i pewno\u015b\u0107 siebie.<\/p>\n<p>Jednak do\u015bwiadczenia s\u0105 bardzo zr\u00f3\u017cnicowane i nie ka\u017cdy m\u0119\u017cczyzna reaguje na leczenie w ten sam spos\u00f3b. Czynniki takie jak wiek, og\u00f3lny stan zdrowia i nasilenie niedoboru testosteronu mog\u0105 wp\u0142ywa\u0107 na wyniki leczenia. Dzielenie si\u0119 do\u015bwiadczeniami ze \u015bwiadczeniodawcami mo\u017ce pom\u00f3c w dostosowaniu plan\u00f3w leczenia tak, aby lepiej odpowiada\u0142y indywidualnym potrzebom.<\/p>\n<h2>Przysz\u0142e badania i rozw\u00f3j w leczeniu zaburze\u0144 erekcji i terapii testosteronem<\/h2>\n<p>Dziedzina terapii zaburze\u0144 erekcji i testosteronu stale si\u0119 rozwija, wraz z ci\u0105g\u0142ymi badaniami odkrywaj\u0105cymi nowe metody leczenia i podej\u015bcia. Przysz\u0142e osi\u0105gni\u0119cia mog\u0105 obejmowa\u0107 nowe leki, kt\u00f3re skuteczniej zwalczaj\u0105 przyczyny zaburze\u0144 erekcji, a tak\u017ce zaawansowane metody hormonalnej terapii zast\u0119pczej, kt\u00f3re zapewniaj\u0105 lepsze wyniki przy mniejszej liczbie skutk\u00f3w ubocznych.<\/p>\n<p>Naukowcy badaj\u0105 tak\u017ce rol\u0119 genetyki w zaburzeniach erekcji i niskim poziomie testosteronu, co mo\u017ce prowadzi\u0107 do bardziej spersonalizowanych i precyzyjnych opcji leczenia. W miar\u0119 wzrostu wiedzy w tym obszarze prawdopodobne jest, \u017ce m\u0119\u017cczy\u017ani b\u0119d\u0105 mieli dost\u0119p do szerszego zakresu strategii pozwalaj\u0105cych skuteczniej i z wi\u0119ksz\u0105 satysfakcj\u0105 radzi\u0107 sobie ze swoj\u0105 chorob\u0105.<\/p>\n","protected":false},"excerpt":{"rendered":"<p>Levitra Original i niski poziom testosteronu: czy mo\u017cesz go u\u017cywa\u0107? W tym artykule zbadano zwi\u0105zek pomi\u0119dzy Levitra Original i niskim poziomem testosteronu, badaj\u0105c ich interakcje, korzy\u015bci i potencjalne ryzyko. Zrozumienie Levitry Original: przegl\u0105d Levitra Original to lek na recept\u0119, stosowany g\u0142\u00f3wnie w leczeniu zaburze\u0144 erekcji (ED), schorzenia dotykaj\u0105cego miliony m\u0119\u017cczyzn na ca\u0142ym \u015bwiecie. Nale\u017cy do [&hellip;]<\/p>\n","protected":false},"author":1,"featured_media":0,"parent":0,"menu_order":0,"comment_status":"closed","ping_status":"closed","template":"","meta":{"footnotes":""},"class_list":["post-273317","page","type-page","status-publish","hentry"],"yoast_head":"<!-- This site is optimized with the Yoast SEO plugin v22.8 - https:\/\/yoast.com\/wordpress\/plugins\/seo\/ -->\n<title>Jak niski poziom testosteronu wp\u0142ywa na erekcj\u0119 - Tempat Uji Kompetensi Gresik - Cipta Karya<\/title>\n<meta name=\"robots\" content=\"index, follow, max-snippet:-1, max-image-preview:large, max-video-preview:-1\" \/>\n<link rel=\"canonical\" href=\"https:\/\/tukciptakarya.com\/index.php\/jak-niski-poziom-testosteronu-wplywa-na-erekcje\/\" \/>\n<meta property=\"og:locale\" content=\"en_US\" \/>\n<meta property=\"og:type\" content=\"article\" \/>\n<meta property=\"og:title\" content=\"Jak niski poziom testosteronu wp\u0142ywa na erekcj\u0119 - Tempat Uji Kompetensi Gresik - Cipta Karya\" \/>\n<meta property=\"og:description\" content=\"Levitra Original i niski poziom testosteronu: czy mo\u017cesz go u\u017cywa\u0107? W tym artykule zbadano zwi\u0105zek pomi\u0119dzy Levitra Original i niskim poziomem testosteronu, badaj\u0105c ich interakcje, korzy\u015bci i potencjalne ryzyko. Zrozumienie Levitry Original: przegl\u0105d Levitra Original to lek na recept\u0119, stosowany g\u0142\u00f3wnie w leczeniu zaburze\u0144 erekcji (ED), schorzenia dotykaj\u0105cego miliony m\u0119\u017cczyzn na ca\u0142ym \u015bwiecie. Nale\u017cy do [&hellip;]\" \/>\n<meta property=\"og:url\" content=\"https:\/\/tukciptakarya.com\/index.php\/jak-niski-poziom-testosteronu-wplywa-na-erekcje\/\" \/>\n<meta property=\"og:site_name\" content=\"Tempat Uji Kompetensi Gresik - Cipta Karya\" \/>\n<meta name=\"twitter:card\" content=\"summary_large_image\" \/>\n<meta name=\"twitter:label1\" content=\"Est. reading time\" \/>\n\t<meta name=\"twitter:data1\" content=\"10 minutes\" \/>\n<script type=\"application\/ld+json\" class=\"yoast-schema-graph\">{\"@context\":\"https:\/\/schema.org\",\"@graph\":[{\"@type\":\"WebPage\",\"@id\":\"https:\/\/tukciptakarya.com\/index.php\/jak-niski-poziom-testosteronu-wplywa-na-erekcje\/\",\"url\":\"https:\/\/tukciptakarya.com\/index.php\/jak-niski-poziom-testosteronu-wplywa-na-erekcje\/\",\"name\":\"Jak niski poziom testosteronu wp\u0142ywa na erekcj\u0119 - Tempat Uji Kompetensi Gresik - Cipta Karya\",\"isPartOf\":{\"@id\":\"https:\/\/tukciptakarya.com\/#website\"},\"datePublished\":\"2026-05-04T16:19:16+00:00\",\"dateModified\":\"2026-05-04T16:19:16+00:00\",\"breadcrumb\":{\"@id\":\"https:\/\/tukciptakarya.com\/index.php\/jak-niski-poziom-testosteronu-wplywa-na-erekcje\/#breadcrumb\"},\"inLanguage\":\"en-US\",\"potentialAction\":[{\"@type\":\"ReadAction\",\"target\":[\"https:\/\/tukciptakarya.com\/index.php\/jak-niski-poziom-testosteronu-wplywa-na-erekcje\/\"]}]},{\"@type\":\"BreadcrumbList\",\"@id\":\"https:\/\/tukciptakarya.com\/index.php\/jak-niski-poziom-testosteronu-wplywa-na-erekcje\/#breadcrumb\",\"itemListElement\":[{\"@type\":\"ListItem\",\"position\":1,\"name\":\"Home\",\"item\":\"https:\/\/tukciptakarya.com\/\"},{\"@type\":\"ListItem\",\"position\":2,\"name\":\"Jak niski poziom testosteronu wp\u0142ywa na erekcj\u0119\"}]},{\"@type\":\"WebSite\",\"@id\":\"https:\/\/tukciptakarya.com\/#website\",\"url\":\"https:\/\/tukciptakarya.com\/\",\"name\":\"Tempat Uji Kompetensi Gresik - Cipta Karya\",\"description\":\"\",\"potentialAction\":[{\"@type\":\"SearchAction\",\"target\":{\"@type\":\"EntryPoint\",\"urlTemplate\":\"https:\/\/tukciptakarya.com\/?s={search_term_string}\"},\"query-input\":\"required name=search_term_string\"}],\"inLanguage\":\"en-US\"}]}<\/script>\n<!-- \/ Yoast SEO plugin. -->","yoast_head_json":{"title":"Jak niski poziom testosteronu wp\u0142ywa na erekcj\u0119 - Tempat Uji Kompetensi Gresik - Cipta Karya","robots":{"index":"index","follow":"follow","max-snippet":"max-snippet:-1","max-image-preview":"max-image-preview:large","max-video-preview":"max-video-preview:-1"},"canonical":"https:\/\/tukciptakarya.com\/index.php\/jak-niski-poziom-testosteronu-wplywa-na-erekcje\/","og_locale":"en_US","og_type":"article","og_title":"Jak niski poziom testosteronu wp\u0142ywa na erekcj\u0119 - Tempat Uji Kompetensi Gresik - Cipta Karya","og_description":"Levitra Original i niski poziom testosteronu: czy mo\u017cesz go u\u017cywa\u0107? W tym artykule zbadano zwi\u0105zek pomi\u0119dzy Levitra Original i niskim poziomem testosteronu, badaj\u0105c ich interakcje, korzy\u015bci i potencjalne ryzyko. Zrozumienie Levitry Original: przegl\u0105d Levitra Original to lek na recept\u0119, stosowany g\u0142\u00f3wnie w leczeniu zaburze\u0144 erekcji (ED), schorzenia dotykaj\u0105cego miliony m\u0119\u017cczyzn na ca\u0142ym \u015bwiecie. Nale\u017cy do [&hellip;]","og_url":"https:\/\/tukciptakarya.com\/index.php\/jak-niski-poziom-testosteronu-wplywa-na-erekcje\/","og_site_name":"Tempat Uji Kompetensi Gresik - Cipta Karya","twitter_card":"summary_large_image","twitter_misc":{"Est. reading time":"10 minutes"},"schema":{"@context":"https:\/\/schema.org","@graph":[{"@type":"WebPage","@id":"https:\/\/tukciptakarya.com\/index.php\/jak-niski-poziom-testosteronu-wplywa-na-erekcje\/","url":"https:\/\/tukciptakarya.com\/index.php\/jak-niski-poziom-testosteronu-wplywa-na-erekcje\/","name":"Jak niski poziom testosteronu wp\u0142ywa na erekcj\u0119 - Tempat Uji Kompetensi Gresik - Cipta Karya","isPartOf":{"@id":"https:\/\/tukciptakarya.com\/#website"},"datePublished":"2026-05-04T16:19:16+00:00","dateModified":"2026-05-04T16:19:16+00:00","breadcrumb":{"@id":"https:\/\/tukciptakarya.com\/index.php\/jak-niski-poziom-testosteronu-wplywa-na-erekcje\/#breadcrumb"},"inLanguage":"en-US","potentialAction":[{"@type":"ReadAction","target":["https:\/\/tukciptakarya.com\/index.php\/jak-niski-poziom-testosteronu-wplywa-na-erekcje\/"]}]},{"@type":"BreadcrumbList","@id":"https:\/\/tukciptakarya.com\/index.php\/jak-niski-poziom-testosteronu-wplywa-na-erekcje\/#breadcrumb","itemListElement":[{"@type":"ListItem","position":1,"name":"Home","item":"https:\/\/tukciptakarya.com\/"},{"@type":"ListItem","position":2,"name":"Jak niski poziom testosteronu wp\u0142ywa na erekcj\u0119"}]},{"@type":"WebSite","@id":"https:\/\/tukciptakarya.com\/#website","url":"https:\/\/tukciptakarya.com\/","name":"Tempat Uji Kompetensi Gresik - Cipta Karya","description":"","potentialAction":[{"@type":"SearchAction","target":{"@type":"EntryPoint","urlTemplate":"https:\/\/tukciptakarya.com\/?s={search_term_string}"},"query-input":"required name=search_term_string"}],"inLanguage":"en-US"}]}},"_links":{"self":[{"href":"https:\/\/tukciptakarya.com\/index.php\/wp-json\/wp\/v2\/pages\/273317","targetHints":{"allow":["GET"]}}],"collection":[{"href":"https:\/\/tukciptakarya.com\/index.php\/wp-json\/wp\/v2\/pages"}],"about":[{"href":"https:\/\/tukciptakarya.com\/index.php\/wp-json\/wp\/v2\/types\/page"}],"author":[{"embeddable":true,"href":"https:\/\/tukciptakarya.com\/index.php\/wp-json\/wp\/v2\/users\/1"}],"replies":[{"embeddable":true,"href":"https:\/\/tukciptakarya.com\/index.php\/wp-json\/wp\/v2\/comments?post=273317"}],"version-history":[{"count":1,"href":"https:\/\/tukciptakarya.com\/index.php\/wp-json\/wp\/v2\/pages\/273317\/revisions"}],"predecessor-version":[{"id":273318,"href":"https:\/\/tukciptakarya.com\/index.php\/wp-json\/wp\/v2\/pages\/273317\/revisions\/273318"}],"wp:attachment":[{"href":"https:\/\/tukciptakarya.com\/index.php\/wp-json\/wp\/v2\/media?parent=273317"}],"curies":[{"name":"wp","href":"https:\/\/api.w.org\/{rel}","templated":true}]}}