{"id":273445,"date":"2026-05-04T17:04:37","date_gmt":"2026-05-04T17:04:37","guid":{"rendered":"https:\/\/tukciptakarya.com\/?page_id=273445"},"modified":"2026-05-04T17:04:37","modified_gmt":"2026-05-04T17:04:37","slug":"toitumise-korrigeerimine-avana-tulemuste-parandamiseks","status":"publish","type":"page","link":"https:\/\/tukciptakarya.com\/index.php\/toitumise-korrigeerimine-avana-tulemuste-parandamiseks\/","title":{"rendered":"Toitumise korrigeerimine Avana tulemuste parandamiseks"},"content":{"rendered":"<h1>Paremate tulemuste saavutamiseks elustiili muutuste kombineerimine Avanaga<\/h1>\n<p>Elustiili muutuste integreerimine Avanaga v\u00f5ib suurendada selle t\u00f5husust, pakkudes terviklikku l\u00e4henemist ravile.<\/p>\n<h2>Avana ja selle kasutuste m\u00f5istmine<\/h2>\n<p>Avana, \u00fcldtuntud kui Avanafiil, on ravim, mis on ette n\u00e4htud peamiselt erektsioonih\u00e4irete (ED) raviks. See toimib, suurendades verevoolu peenisesse, aidates saavutada ja s\u00e4ilitada erektsiooni seksuaalse stimulatsiooni ajal. Erinevate tervishoiuasutuste poolt heaks kiidetud Avana kuulub ravimite klassi, mida tuntakse fosfodiesteraasi t\u00fc\u00fcpi 5 (PDE5) inhibiitoritena ja mis h\u00f5lmab ka teisi tuntud ravimeid, nagu Viagra ja Cialis.<\/p>\n<p>Avana t\u00f5hususe p\u00f5hjuseks on selle kiire toime algus, kuna m\u00f5ned kasutajad kogevad tulemusi juba 15 minutiga. See muudab selle eelistatud valikuks neile, kes otsivad ED-le kiiret lahendust. Kuid selle eeliste maksimeerimiseks v\u00f5ib Avana kombineerimine sobivate elustiili muutustega viia seksuaaltervise p\u00fcsivama paranemiseni.<\/p>\n<h2>Elustiili muutuste roll Avana efektiivsuse suurendamisel<\/h2>\n<p>Elustiili muutused m\u00e4ngivad Avana m\u00f5ju suurendamisel otsustavat rolli. Need muudatused v\u00f5ivad lahendada erektsioonih\u00e4ireid soodustavaid terviseprobleeme, nagu rasvumine, h\u00fcpertensioon ja diabeet. Nende algp\u00f5hjustega tegelemisel saavad inimesed mitte ainult parandada oma reaktsiooni Avanale, vaid ka parandada \u00fcldist tervist.<\/p>\n<p>Lisaks v\u00f5ivad elustiili muutused parandada s\u00fcdame-veresoonkonna tervist, mis on tihedalt seotud erektsioonifunktsiooniga. Tervislikuma elustiili omaksv\u00f5tmisega saavad inimesed tagada, et veresooned j\u00e4\u00e4vad tugevaks ja reageerivad, toetades seel\u00e4bi mehhanismi, mille kaudu Avana toimib. See terviklik l\u00e4henemine on optimaalse seksuaaltervise saavutamiseks ja s\u00e4ilitamiseks h\u00e4davajalik.<\/p>\n<h2>Toitumise korrigeerimine Avana tulemuste parandamiseks<\/h2>\n<p>Toitumise kohandamine v\u00f5ib oluliselt m\u00f5jutada Avana efektiivsust. Tasakaalustatud toitumine, mis sisaldab rohkesti puuvilju, k\u00f6\u00f6givilju, t\u00e4isteratooteid ja lahja valke, toetab s\u00fcdame-veresoonkonna tervist, mis on ravimi efektiivsuse lahutamatu osa. T\u00e4psemalt v\u00f5ivad sellised toitained nagu kalas leiduvad oomega-3 rasvhapped ning marjades ja p\u00e4hklites leiduvad antioks\u00fcdandid soodustada veresoonte tervist.<\/p>\n<p>Lisaks v\u00f5ib k\u00f5rge suhkru- ja k\u00fcllastunud rasvade sisaldusega t\u00f6\u00f6deldud toitude tarbimise v\u00e4hendamine aidata s\u00e4ilitada tervislikku kehakaalu ja v\u00e4ltida selliseid haigusi nagu h\u00fcpertensioon ja diabeet, mis m\u00f5lemad v\u00f5ivad takistada Avana efektiivsust. Keskendudes s\u00fcdametervislikule toitumisele, saavad inimesed luua soodsa keskkonna ravimi t\u00f5husaks toimimiseks.<\/p>\n<h2>Harjutusre\u017eiimid, mis t\u00e4iendavad Avana ravi<\/h2>\n<p>Regulaarne f\u00fc\u00fcsiline aktiivsus on \u00fcks t\u00f5husamaid elustiili muutusi, mis v\u00f5ib t\u00e4iendada Avana ravi. Treening parandab s\u00fcdame-veresoonkonna tervist, t\u00f5stab energiataset ja parandab \u00fcldist vastupidavust, mis k\u00f5ik v\u00f5ib aidata kaasa paremale seksuaalsusele. Eriti kasulikud on sellised tegevused nagu aeroobsed harjutused, j\u00f5utreening ja painduvusharjutused.<\/p>\n<p>Uuringud n\u00e4itavad, et isegi m\u00f5\u00f5dukas treening, n\u00e4iteks 30 minutit p\u00e4evas kiire k\u00f5ndimine, v\u00f5ib erektsioonifunktsiooni oluliselt parandada. Treening aitab ka kaalu reguleerimisel ja stressi v\u00e4hendamisel, parandades seel\u00e4bi keha reaktsiooni Avanale. F\u00fc\u00fcsilise tegevuse j\u00e4rjepidevus on nende eeliste saamiseks v\u00f5tmet\u00e4htsusega.<\/p>\n<h2>Stressijuhtimise tehnikad Avana paremate tulemuste saavutamiseks<\/h2>\n<p>Stress on oluline tegur, mis v\u00f5ib v\u00e4hendada Avana efektiivsust. Krooniline stress v\u00f5ib p\u00f5hjustada hormonaalset tasakaalustamatust ja negatiivselt m\u00f5jutada verevoolu, mis m\u00f5lemad kahjustavad erektsioonifunktsiooni. Stressijuhtimise tehnikate kaasamine v\u00f5ib neid m\u00f5jusid leevendada ja suurendada ravimi efektiivsust.<\/p>\n<p>Sellised praktikad nagu teadveloleku meditatsioon, jooga ja <a href=\"https:\/\/veebiapteek.com\/tellimus-avana-veebis-ilma-retseptita\">Tellimus Avana 50mg<\/a> s\u00fcgavad hingamisharjutused on t\u00f5husad stressitaseme v\u00e4hendamisel. Need meetodid soodustavad l\u00f5\u00f5gastumist ja parandavad vaimset tervist, luues Avanale t\u00f6\u00f6tamiseks soodsama keskkonna. On \u00fclioluline, et inimesed leiaksid stressi v\u00e4hendavaid tegevusi, mis neile vastu m\u00f5juksid ja kaasaksid need oma igap\u00e4evarutiini.<\/p>\n<h2>Une m\u00f5ju Avana j\u00f5udlusele<\/h2>\n<p>Piisav uni on Avana optimaalse j\u00f5udluse jaoks \u00fclioluline. Unepuudus v\u00f5ib p\u00f5hjustada testosterooni taseme langust, stressihormoonide suurenemist ja \u00fcldise tervise halvenemist, mis k\u00f5ik v\u00f5ivad erektsioonifunktsiooni negatiivselt m\u00f5jutada. Piisava ja kvaliteetse une tagamine on seega Avana\u2019t kasutavatele inimestele h\u00e4davajalik.<\/p>\n<p>Regulaarse unegraafiku kehtestamine, kosutava magamiskeskkonna loomine ja stimulantide, nagu kofeiini, v\u00e4ltimine enne magamaminekut v\u00f5ivad aidata parandada unekvaliteeti. Une t\u00e4htsuse j\u00e4rjekorda seadmisega saavad inimesed parandada oma keha reaktsiooni Avanale, mis toob kaasa paremad ravitulemused.<\/p>\n<h2>Alkoholi ja tubaka v\u00e4ltimine Avana kasutamise ajal<\/h2>\n<p>Alkohol ja tubakas v\u00f5ivad m\u00f5jutada Avana efektiivsust. Alkohol v\u00f5ib suurtes kogustes tarbimisel p\u00e4rssida keskn\u00e4rvis\u00fcsteemi ja ajutiselt v\u00e4hendada erektsioonifunktsiooni. Lisaks on krooniline alkoholitarbimine seotud maksakahjustuse ja hormonaalse tasakaaluh\u00e4irega, mis raskendab veelgi erektsioonih\u00e4ireid.<\/p>\n<p>Tubaka tarbimine kujutab olulist ohtu veresoonte tervisele, kuna see v\u00f5ib kahjustada veresooni ja takistada verevoolu, kahjustades otseselt Avana toimimismehhanismi. Alkoholi ja tubaka tarbimist v\u00e4ltides v\u00f5i v\u00e4hendades saavad inimesed parandada oma reaktsiooni Avanale ja parandada oma \u00fcldist tervist.<\/p>\n<h2>Avana v\u00f5imalike k\u00f5rvalm\u00f5jude j\u00e4lgimine ja juhtimine<\/h2>\n<p>Nagu k\u00f5ik ravimid, v\u00f5ib ka Avana p\u00f5hjustada k\u00f5rvaltoimeid, kuigi need on \u00fcldiselt kerged ja ajutised. Sagedased k\u00f5rvaltoimed on peavalu, \u00f5hetus, ninakinnisus ja pearinglus. Kasutajate jaoks on \u00fclioluline j\u00e4lgida oma keha reaktsioone ja teatada oma tervishoiuteenuse osutajale p\u00fcsivatest v\u00f5i t\u00f5sistest k\u00f5rvalm\u00f5judest.<\/p>\n<p>Neid m\u00f5jusid ennetavalt hallates saavad inimesed tagada, et nad saavad Avanast j\u00e4tkuvalt kasu ilma oma heaolu ohtu seadmata. Tervishoiut\u00f6\u00f6tajad saavad anda juhiseid k\u00f5rvaltoimete leevendamiseks ja vajadusel annuste kohandamiseks, tagades ohutu ja t\u00f5husa ravikogemuse.<\/p>\n<h2>Tervishoiut\u00f6\u00f6tajate n\u00f5ustamine isikup\u00e4rastatud n\u00f5uannete saamiseks<\/h2>\n<p>Avana kombineerimisel elustiili muutustega on oluline konsulteerida tervishoiut\u00f6\u00f6tajatega. Meditsiinieksperdid saavad anda isikup\u00e4rast n\u00f5u, mis v\u00f5tab arvesse inimese ainulaadset terviseprofiili ja ravieesm\u00e4rke. See kohandatud l\u00e4henemisviis tagab, et elustiili muutmise ja ravimite kombinatsioon annab parima v\u00f5imaliku tulemuse.<\/p>\n<p>Tervishoiut\u00f6\u00f6tajad saavad ka j\u00e4lgida edenemist, kohandada vastavalt vajadusele raviplaane ja pakkuda tuge kogu raviteekonna v\u00e4ltel. Regulaarsed konsultatsioonid v\u00f5ivad anda inimestele v\u00f5imaluse oma tervist kontrollida ja Avana kasutamist optimeerida.<\/p>\n<h2>T\u00f5sielulised edulood: Avana ja elustiili muutused<\/h2>\n<p>Paljudel inimestel on erektsioonih\u00e4irete s\u00fcmptomid oluliselt paranenud, kombineerides Avanat elustiili muutustega. Need edulood r\u00f5hutavad tervikliku ravik\u00e4sitluse transformatiivset j\u00f5udu. N\u00e4iteks teatas \u00fcks patsient parematest tulemustest p\u00e4rast regulaarse treeningu ja toitva dieedi lisamist Avana k\u00f5rvale.<\/p>\n<p>Teine inimene leidis, et stressijuhtimise tehnikad koos Avanaga viisid rahuldustpakkuvamate seksuaalkogemusteni. Need lood on v\u00f5imsad meeldetuletused positiivsete muutuste potentsiaalist, kui ravimeid t\u00e4iendavad tervislikud harjumused.<\/p>\n<h2>Avana ja tervislike harjumuste kombineerimise pikaajaline kasu<\/h2>\n<p>Avana kombineerimisel tervislike eluviisidega on pikaajaline kasu mitmek\u00fclgne. Lisaks ravimi vahetu efektiivsuse suurendamisele v\u00f5ivad need muutused viia erektsioonifunktsiooni ja \u00fcldise tervise p\u00fcsiva paranemiseni. Selline l\u00e4henemine v\u00f5ib v\u00e4hendada ka sellega seotud terviseprobleemide, nagu s\u00fcdame-veresoonkonna haiguste ja ainevahetush\u00e4irete tekke riski.<\/p>\n<p>Tervislikuma elustiili edendamisega saavad inimesed nautida suurenenud eluj\u00f5udu, paranenud vaimset tervist ja paremat heaolutunnet. Need eelised r\u00f5hutavad elustiili muutuste integreerimise olulisust Avana raviga p\u00fcsivate tulemuste saavutamiseks.<\/p>\n<h2>Levinud v\u00e4\u00e4rarusaamad avana ja elustiili integreerimise kohta<\/h2>\n<p>Avana integreerimise kohta elustiili muutustega on mitmeid v\u00e4\u00e4rarusaamu. \u00dcks levinud m\u00fc\u00fct on see, et erektsioonih\u00e4irete lahendamiseks piisab ainult ravimitest. Kuigi Avana on t\u00f5hus, m\u00e4ngivad elustiili tegurid optimaalsete tulemuste saavutamisel olulist rolli. Teine eksiarvamus on see, et elustiili muutused on vajalikud ainult neile, kellel on rasked s\u00fcmptomid, kuigi tegelikult on neist kasu erektsioonih\u00e4irete k\u00f5ikides etappides.<\/p>\n<p>Nende m\u00fc\u00fctide \u00fcmberl\u00fckkamine on otsustava t\u00e4htsusega, et julgustada ravile teadlikumat ja ennetavamat l\u00e4henemist. Avana t\u00e4iendavate rollide ja elustiili muutmise m\u00f5istmine v\u00f5ib aidata inimestel teha teadlikke otsuseid oma tervishoiu kohta.<\/p>\n<h2>Avana ja elustiili modifikatsioonide tulevased uurimissuunad<\/h2>\n<p>Avana ja elustiili muutuste ristumiskoht pakub p\u00f5nevaid v\u00f5imalusi tulevasteks uuringuteks. Uuringud v\u00f5iksid uurida konkreetseid mehhanisme, mille kaudu elustiili muutused suurendavad Avana efektiivsust, andes s\u00fcgavama \u00fclevaate nende s\u00fcnergilisest m\u00f5just. Lisaks v\u00f5iks uuringud uurida elustiili muutuste pikaajalist m\u00f5ju Avana eeliste j\u00e4tkusuutlikkusele.<\/p>\n<p>Selle valdkonna edasised uuringud v\u00f5iksid uurida ka isikup\u00e4rastatud raviplaanide potentsiaali, mis integreerivad elustiili muutusi Avanaga, kohandades sekkumisi vastavalt individuaalsetele vajadustele ja eelistustele. Sellised j\u00f5upingutused v\u00f5iksid sillutada teed t\u00f5husamatele ja terviklikumatele erektsioonih\u00e4irete ravistrateegiatele.<\/p>\n<h2>J\u00e4tkusuutliku rutiini loomine Avana ja elustiili kohandamisega<\/h2>\n<p>J\u00e4tkusuutliku rutiini loomine, mis h\u00f5lmab Avana ja elustiili kohandusi, on pikaajalise edu v\u00f5ti. See h\u00f5lmab realistlike eesm\u00e4rkide seadmist, struktureeritud plaani v\u00e4ljat\u00f6\u00f6tamist ja muutustega kohanemisv\u00f5imet. J\u00e4rjepidevus on \u00fclioluline, kuna elustiili muutmise eelised kogunevad aja jooksul.<\/p>\n<p>Inimesed peaksid motivatsiooni ja vastutuse s\u00e4ilitamiseks otsima tuge tervishoiut\u00f6\u00f6tajatelt, perekonnalt ja eakaaslastelt. Toetava keskkonna edendamisega saavad inimesed s\u00e4ilitada positiivseid muutusi ja nautida oma raviplaani k\u00f5iki eeliseid.<\/p>\n<h2>Ressursid ja tugi Avanat kasutavatele patsientidele<\/h2>\n<p>Avanat kasutavatele patsientidele on saadaval arvukalt ressursse ja tugis\u00fcsteeme. Tervishoiuteenuse osutajad saavad pakkuda juhiseid ja tuge, samas kui veebifoorumid ja tugir\u00fchmad pakuvad \u00fcksikisikutele platvormi kogemuste ja n\u00f5uannete jagamiseks. Lisaks v\u00f5ivad tr\u00fckitud ja digitaalsed \u00f5ppematerjalid anda patsientidele teadmisi, mida on vaja ravi kohta teadlike otsuste tegemiseks.<\/p>\n<p>Neid ressursse kasutades saavad inimesed oma raviteekonnal enesekindlalt ja h\u00f5lpsalt navigeerida, tagades, et nad saavutavad Avana kasutamise ja elustiili muutustega parimad v\u00f5imalikud tulemused.<\/p>\n","protected":false},"excerpt":{"rendered":"<p>Paremate tulemuste saavutamiseks elustiili muutuste kombineerimine Avanaga Elustiili muutuste integreerimine Avanaga v\u00f5ib suurendada selle t\u00f5husust, pakkudes terviklikku l\u00e4henemist ravile. Avana ja selle kasutuste m\u00f5istmine Avana, \u00fcldtuntud kui Avanafiil, on ravim, mis on ette n\u00e4htud peamiselt erektsioonih\u00e4irete (ED) raviks. See toimib, suurendades verevoolu peenisesse, aidates saavutada ja s\u00e4ilitada erektsiooni seksuaalse stimulatsiooni ajal. Erinevate tervishoiuasutuste poolt heaks [&hellip;]<\/p>\n","protected":false},"author":1,"featured_media":0,"parent":0,"menu_order":0,"comment_status":"closed","ping_status":"closed","template":"","meta":{"footnotes":""},"class_list":["post-273445","page","type-page","status-publish","hentry"],"yoast_head":"<!-- This site is optimized with the Yoast SEO plugin v22.8 - https:\/\/yoast.com\/wordpress\/plugins\/seo\/ -->\n<title>Toitumise korrigeerimine Avana tulemuste parandamiseks - Tempat Uji Kompetensi Gresik - Cipta Karya<\/title>\n<meta name=\"robots\" content=\"index, follow, max-snippet:-1, max-image-preview:large, max-video-preview:-1\" \/>\n<link rel=\"canonical\" href=\"https:\/\/tukciptakarya.com\/index.php\/toitumise-korrigeerimine-avana-tulemuste-parandamiseks\/\" \/>\n<meta property=\"og:locale\" content=\"en_US\" \/>\n<meta property=\"og:type\" content=\"article\" \/>\n<meta property=\"og:title\" content=\"Toitumise korrigeerimine Avana tulemuste parandamiseks - Tempat Uji Kompetensi Gresik - Cipta Karya\" \/>\n<meta property=\"og:description\" content=\"Paremate tulemuste saavutamiseks elustiili muutuste kombineerimine Avanaga Elustiili muutuste integreerimine Avanaga v\u00f5ib suurendada selle t\u00f5husust, pakkudes terviklikku l\u00e4henemist ravile. Avana ja selle kasutuste m\u00f5istmine Avana, \u00fcldtuntud kui Avanafiil, on ravim, mis on ette n\u00e4htud peamiselt erektsioonih\u00e4irete (ED) raviks. See toimib, suurendades verevoolu peenisesse, aidates saavutada ja s\u00e4ilitada erektsiooni seksuaalse stimulatsiooni ajal. Erinevate tervishoiuasutuste poolt heaks [&hellip;]\" \/>\n<meta property=\"og:url\" content=\"https:\/\/tukciptakarya.com\/index.php\/toitumise-korrigeerimine-avana-tulemuste-parandamiseks\/\" \/>\n<meta property=\"og:site_name\" content=\"Tempat Uji Kompetensi Gresik - Cipta Karya\" \/>\n<meta name=\"twitter:card\" content=\"summary_large_image\" \/>\n<meta name=\"twitter:label1\" content=\"Est. reading time\" \/>\n\t<meta name=\"twitter:data1\" content=\"7 minutes\" \/>\n<script type=\"application\/ld+json\" class=\"yoast-schema-graph\">{\"@context\":\"https:\/\/schema.org\",\"@graph\":[{\"@type\":\"WebPage\",\"@id\":\"https:\/\/tukciptakarya.com\/index.php\/toitumise-korrigeerimine-avana-tulemuste-parandamiseks\/\",\"url\":\"https:\/\/tukciptakarya.com\/index.php\/toitumise-korrigeerimine-avana-tulemuste-parandamiseks\/\",\"name\":\"Toitumise korrigeerimine Avana tulemuste parandamiseks - Tempat Uji Kompetensi Gresik - Cipta Karya\",\"isPartOf\":{\"@id\":\"https:\/\/tukciptakarya.com\/#website\"},\"datePublished\":\"2026-05-04T17:04:37+00:00\",\"dateModified\":\"2026-05-04T17:04:37+00:00\",\"breadcrumb\":{\"@id\":\"https:\/\/tukciptakarya.com\/index.php\/toitumise-korrigeerimine-avana-tulemuste-parandamiseks\/#breadcrumb\"},\"inLanguage\":\"en-US\",\"potentialAction\":[{\"@type\":\"ReadAction\",\"target\":[\"https:\/\/tukciptakarya.com\/index.php\/toitumise-korrigeerimine-avana-tulemuste-parandamiseks\/\"]}]},{\"@type\":\"BreadcrumbList\",\"@id\":\"https:\/\/tukciptakarya.com\/index.php\/toitumise-korrigeerimine-avana-tulemuste-parandamiseks\/#breadcrumb\",\"itemListElement\":[{\"@type\":\"ListItem\",\"position\":1,\"name\":\"Home\",\"item\":\"https:\/\/tukciptakarya.com\/\"},{\"@type\":\"ListItem\",\"position\":2,\"name\":\"Toitumise korrigeerimine Avana tulemuste parandamiseks\"}]},{\"@type\":\"WebSite\",\"@id\":\"https:\/\/tukciptakarya.com\/#website\",\"url\":\"https:\/\/tukciptakarya.com\/\",\"name\":\"Tempat Uji Kompetensi Gresik - Cipta Karya\",\"description\":\"\",\"potentialAction\":[{\"@type\":\"SearchAction\",\"target\":{\"@type\":\"EntryPoint\",\"urlTemplate\":\"https:\/\/tukciptakarya.com\/?s={search_term_string}\"},\"query-input\":\"required name=search_term_string\"}],\"inLanguage\":\"en-US\"}]}<\/script>\n<!-- \/ Yoast SEO plugin. -->","yoast_head_json":{"title":"Toitumise korrigeerimine Avana tulemuste parandamiseks - Tempat Uji Kompetensi Gresik - Cipta Karya","robots":{"index":"index","follow":"follow","max-snippet":"max-snippet:-1","max-image-preview":"max-image-preview:large","max-video-preview":"max-video-preview:-1"},"canonical":"https:\/\/tukciptakarya.com\/index.php\/toitumise-korrigeerimine-avana-tulemuste-parandamiseks\/","og_locale":"en_US","og_type":"article","og_title":"Toitumise korrigeerimine Avana tulemuste parandamiseks - Tempat Uji Kompetensi Gresik - Cipta Karya","og_description":"Paremate tulemuste saavutamiseks elustiili muutuste kombineerimine Avanaga Elustiili muutuste integreerimine Avanaga v\u00f5ib suurendada selle t\u00f5husust, pakkudes terviklikku l\u00e4henemist ravile. Avana ja selle kasutuste m\u00f5istmine Avana, \u00fcldtuntud kui Avanafiil, on ravim, mis on ette n\u00e4htud peamiselt erektsioonih\u00e4irete (ED) raviks. See toimib, suurendades verevoolu peenisesse, aidates saavutada ja s\u00e4ilitada erektsiooni seksuaalse stimulatsiooni ajal. Erinevate tervishoiuasutuste poolt heaks [&hellip;]","og_url":"https:\/\/tukciptakarya.com\/index.php\/toitumise-korrigeerimine-avana-tulemuste-parandamiseks\/","og_site_name":"Tempat Uji Kompetensi Gresik - Cipta Karya","twitter_card":"summary_large_image","twitter_misc":{"Est. reading time":"7 minutes"},"schema":{"@context":"https:\/\/schema.org","@graph":[{"@type":"WebPage","@id":"https:\/\/tukciptakarya.com\/index.php\/toitumise-korrigeerimine-avana-tulemuste-parandamiseks\/","url":"https:\/\/tukciptakarya.com\/index.php\/toitumise-korrigeerimine-avana-tulemuste-parandamiseks\/","name":"Toitumise korrigeerimine Avana tulemuste parandamiseks - Tempat Uji Kompetensi Gresik - Cipta Karya","isPartOf":{"@id":"https:\/\/tukciptakarya.com\/#website"},"datePublished":"2026-05-04T17:04:37+00:00","dateModified":"2026-05-04T17:04:37+00:00","breadcrumb":{"@id":"https:\/\/tukciptakarya.com\/index.php\/toitumise-korrigeerimine-avana-tulemuste-parandamiseks\/#breadcrumb"},"inLanguage":"en-US","potentialAction":[{"@type":"ReadAction","target":["https:\/\/tukciptakarya.com\/index.php\/toitumise-korrigeerimine-avana-tulemuste-parandamiseks\/"]}]},{"@type":"BreadcrumbList","@id":"https:\/\/tukciptakarya.com\/index.php\/toitumise-korrigeerimine-avana-tulemuste-parandamiseks\/#breadcrumb","itemListElement":[{"@type":"ListItem","position":1,"name":"Home","item":"https:\/\/tukciptakarya.com\/"},{"@type":"ListItem","position":2,"name":"Toitumise korrigeerimine Avana tulemuste parandamiseks"}]},{"@type":"WebSite","@id":"https:\/\/tukciptakarya.com\/#website","url":"https:\/\/tukciptakarya.com\/","name":"Tempat Uji Kompetensi Gresik - Cipta Karya","description":"","potentialAction":[{"@type":"SearchAction","target":{"@type":"EntryPoint","urlTemplate":"https:\/\/tukciptakarya.com\/?s={search_term_string}"},"query-input":"required name=search_term_string"}],"inLanguage":"en-US"}]}},"_links":{"self":[{"href":"https:\/\/tukciptakarya.com\/index.php\/wp-json\/wp\/v2\/pages\/273445","targetHints":{"allow":["GET"]}}],"collection":[{"href":"https:\/\/tukciptakarya.com\/index.php\/wp-json\/wp\/v2\/pages"}],"about":[{"href":"https:\/\/tukciptakarya.com\/index.php\/wp-json\/wp\/v2\/types\/page"}],"author":[{"embeddable":true,"href":"https:\/\/tukciptakarya.com\/index.php\/wp-json\/wp\/v2\/users\/1"}],"replies":[{"embeddable":true,"href":"https:\/\/tukciptakarya.com\/index.php\/wp-json\/wp\/v2\/comments?post=273445"}],"version-history":[{"count":1,"href":"https:\/\/tukciptakarya.com\/index.php\/wp-json\/wp\/v2\/pages\/273445\/revisions"}],"predecessor-version":[{"id":273446,"href":"https:\/\/tukciptakarya.com\/index.php\/wp-json\/wp\/v2\/pages\/273445\/revisions\/273446"}],"wp:attachment":[{"href":"https:\/\/tukciptakarya.com\/index.php\/wp-json\/wp\/v2\/media?parent=273445"}],"curies":[{"name":"wp","href":"https:\/\/api.w.org\/{rel}","templated":true}]}}