{"id":276371,"date":"2026-05-05T11:42:57","date_gmt":"2026-05-05T11:42:57","guid":{"rendered":"https:\/\/tukciptakarya.com\/?page_id=276371"},"modified":"2026-05-05T11:42:57","modified_gmt":"2026-05-05T11:42:57","slug":"care-sunt-ingredientele-active-din-viagra-generic","status":"publish","type":"page","link":"https:\/\/tukciptakarya.com\/index.php\/care-sunt-ingredientele-active-din-viagra-generic\/","title":{"rendered":"Care sunt ingredientele active din Viagra Generic?"},"content":{"rendered":"<h1>\u00centreb\u0103ri frecvente despre Viagra Generic<\/h1>\n<p>\u00cen\u021belegerea Viagra Generic implic\u0103 explorarea mecanismului s\u0103u, a diferen\u021belor fa\u021b\u0103 de versiunile de marc\u0103, a poten\u021bialelor efecte secundare \u0219i a ghidurilor de utilizare.<\/p>\n<h2>Ce este Viagra Generic \u0219i cum func\u021bioneaz\u0103?<\/h2>\n<p>Viagra Generic, cunoscut sub numele s\u0103u chimic de citrat de sildenafil, este un medicament utilizat pentru a trata disfunc\u021bia erectil\u0103 (DE) la b\u0103rba\u021bi. Func\u021bioneaz\u0103 prin \u00eembun\u0103t\u0103\u021birea fluxului de s\u00e2nge c\u0103tre penis, ajut\u00e2nd la ob\u021binerea \u0219i men\u021binerea unei erec\u021bii atunci c\u00e2nd este combinat\u0103 cu stimularea sexual\u0103. Mecanismul de ac\u021biune implic\u0103 inhibarea unei enzime numit\u0103 fosfodiesteraza de tip 5 (PDE5), care regleaz\u0103 fluxul sanguin \u00een penis.<\/p>\n<p>Aceast\u0103 inhibi\u021bie are ca rezultat relaxarea vaselor de s\u00e2nge, permi\u021b\u00e2nd un flux sanguin crescut, care este crucial pentru func\u021bia erectil\u0103. Eficacitatea Viagra Generic depinde de excita\u021bia sexual\u0103, deoarece nu induce o erec\u021bie f\u0103r\u0103 stimulare. \u00cen general, dureaz\u0103 aproximativ 30 p\u00e2n\u0103 la 60 de minute pentru a func\u021biona, ceea ce o face o op\u021biune convenabil\u0103 pentru activitatea sexual\u0103 planificat\u0103.<\/p>\n<h2>Cum difer\u0103 Viagra Generic de marca Viagra?<\/h2>\n<p>Distinc\u021bia principal\u0103 dintre Viagra Generic \u0219i omologul s\u0103u de marc\u0103, Viagra, este punctul de pre\u021b. Versiunile generice tind s\u0103 fie mai accesibile, f\u0103c\u00e2ndu-le accesibile pentru o gam\u0103 mai larg\u0103 de utilizatori. \u00cen ciuda acestei diferen\u021be, ambele medicamente con\u021bin acela\u0219i ingredient activ, citrat de sildenafil \u0219i func\u021bioneaz\u0103 \u00een acela\u0219i mod.<\/p>\n<p>Standardele de reglementare asigur\u0103 c\u0103 medicamentele generice au aceea\u0219i calitate, putere \u0219i profil de siguran\u021b\u0103 ca \u0219i medicamentele de marc\u0103. Prin urmare, pacien\u021bii se pot a\u0219tepta la efecte terapeutice similare de la ambele versiuni. Diferen\u021bele constau de obicei \u00een ingredientele inactive, ambalaj \u0219i aspect, care nu au niciun impact asupra eficacit\u0103\u021bii medicamentului.<\/p>\n<h2>Care sunt ingredientele active din Viagra Generic?<\/h2>\n<p>Viagra Generic con\u021bine ca ingredient activ citrat de sildenafil, care este responsabil pentru efectele sale terapeutice. Citratul de sildenafil ac\u021bioneaz\u0103 prin blocarea PDE5, facilit\u00e2nd astfel fluxul sanguin crescut la penis \u00een timpul excit\u0103rii sexuale.<\/p>\n<p>Pe l\u00e2ng\u0103 citratul de sildenafil, formul\u0103rile generice pot include diverse ingrediente inactive, cum ar fi lactoz\u0103, stearat de magneziu \u0219i celuloz\u0103 microcristalin\u0103. Aceste componente sunt folosite pentru a modela pilula \u0219i a asigura stabilitatea acesteia, dar nu contribuie la eficacitatea medicamentului.<\/p>\n<h2>Este Viagra Generic la fel de eficient ca Viagra de marc\u0103?<\/h2>\n<p>Da, Viagra Generic este considerat la fel de eficient ca Viagra de marc\u0103. Ambele medicamente sunt supuse unor teste riguroase pentru a se asigura c\u0103 ofer\u0103 acelea\u0219i beneficii terapeutice. Studiile clinice \u0219i studiile au ar\u0103tat \u00een mod constant c\u0103 sildenafilul generic este comparabil cu omologul s\u0103u de marc\u0103 \u00een ceea ce prive\u0219te debutul ac\u021biunii, durata \u0219i eficacitatea general\u0103 \u00een tratarea disfunc\u021biei erectile.<\/p>\n<p>Pacien\u021bii care iau \u00een considerare trecerea la o op\u021biune generic\u0103 pot face acest lucru cu \u00eencredere, \u0219tiind c\u0103 primesc un medicament care \u00eendepline\u0219te standarde de reglementare stricte pentru calitate \u0219i performan\u021b\u0103.<\/p>\n<h2>Care sunt efectele secundare poten\u021biale ale Viagra Generic?<\/h2>\n<p>Reac\u021biile adverse frecvente asociate cu Viagra Generic includ dureri de cap, \u00eenro\u0219ire, indigestie, congestie nazal\u0103, ame\u021beli \u0219i tulbur\u0103ri de vedere, cum ar fi vederea \u00eence\u021bo\u0219at\u0103 sau o nuan\u021b\u0103 albastr\u0103. Aceste reac\u021bii adverse sunt de obicei u\u0219oare \u0219i trec\u0103toare, rezolv\u00e2ndu-se pe m\u0103sur\u0103 ce medicamentul dispare.<\/p>\n<p>Reac\u021bii adverse mai grave, de\u0219i rare, pot <a href=\"https:\/\/incredere-farmacie.org\/viagra-generic-online-fara-reteta\">https:\/\/incredere-farmacie.org\/viagra-generic-online-fara-reteta<\/a> include pierderea brusc\u0103 a auzului, erec\u021bii prelungite (priapism) \u0219i hipotensiune arterial\u0103 sever\u0103. Pacien\u021bii care prezint\u0103 reac\u021bii adverse severe trebuie s\u0103 solicite imediat asisten\u021b\u0103 medical\u0103. Este important s\u0103 discuta\u021bi despre orice afec\u021biuni de s\u0103n\u0103tate preexistente cu un furnizor de asisten\u021b\u0103 medical\u0103 pentru a reduce riscurile.<\/p>\n<h2>Cine nu ar trebui s\u0103 ia Viagra Generic?<\/h2>\n<p>Viagra Generic nu este potrivit pentru toat\u0103 lumea. Persoanele care iau nitra\u021bi pentru durerea \u00een piept sau cele cu tulbur\u0103ri cardiovasculare severe ar trebui s\u0103 evite sildenafilul din cauza riscului de sc\u0103dere semnificativ\u0103 a tensiunii arteriale. \u00cen plus, cei cu insuficien\u021b\u0103 hepatic\u0103 sau renal\u0103, accident vascular cerebral recent sau atac de cord sau anumite afec\u021biuni ale ochilor trebuie s\u0103 consulte un furnizor de asisten\u021b\u0103 medical\u0103 \u00eenainte de utilizare.<\/p>\n<p>Pacien\u021bii cu alergii cunoscute la sildenafil sau la orice alt\u0103 component\u0103 a comprimatului trebuie, de asemenea, s\u0103 se ab\u021bin\u0103 de la a lua Viagra Generic. O evaluare medical\u0103 am\u0103nun\u021bit\u0103 poate ajuta la determinarea caracterului adecvat \u0219i siguran\u021bei fiec\u0103rui individ.<\/p>\n<h2>Cum ar trebui luat Viagra Generic pentru cele mai bune rezultate?<\/h2>\n<p>Pentru a ob\u021bine rezultate optime, Viagra Generic trebuie luat cu aproximativ 30 p\u00e2n\u0103 la 60 de minute \u00eenainte de activitatea sexual\u0103 planificat\u0103. Trebuie \u00eenghi\u021bit \u00eentreg cu ap\u0103 \u0219i poate fi luat cu sau f\u0103r\u0103 alimente. Cu toate acestea, consumul unei mese bogate \u00een gr\u0103simi \u00eenainte de a lua medicamentul poate \u00eent\u00e2rzia apari\u021bia acestuia.<\/p>\n<p>Este important s\u0103 nu lua\u021bi mai mult de o doz\u0103 \u00eentr-o perioad\u0103 de 24 de ore. Pacien\u021bii sunt sf\u0103tui\u021bi s\u0103 respecte dozele prescrise \u0219i s\u0103 consulte furnizorul lor de asisten\u021b\u0103 medical\u0103 pentru orice ajust\u0103ri sau preocup\u0103ri cu privire la eficacitate.<\/p>\n<h2>Viagra Generic poate interac\u021biona cu alte medicamente?<\/h2>\n<p>Da, Viagra Generic poate interac\u021biona cu alte medicamente, afect\u00e2ndu-i poten\u021bial eficacitatea \u0219i siguran\u021ba. Interac\u021biuni notabile apar cu nitra\u021bii, adesea prescri\u0219i pentru angina pectoral\u0103, deoarece combina\u021bia poate duce la sc\u0103deri dramatice ale tensiunii arteriale. \u00cen mod similar, trebuie avut\u0103 pruden\u021b\u0103 atunci c\u00e2nd lua\u021bi alfa-blocante, anumite antifungice \u0219i inhibitori de proteaz\u0103 HIV.<\/p>\n<p>Pacien\u021bii ar trebui s\u0103 furnizeze furnizorului de servicii medicale o list\u0103 cuprinz\u0103toare a tuturor medicamentelor, inclusiv medicamentelor \u0219i suplimentelor f\u0103r\u0103 prescrip\u021bie medical\u0103, pentru a evita interac\u021biunile d\u0103un\u0103toare. Consulta\u021biile regulate pot ajuta la gestionarea oric\u0103ror riscuri poten\u021biale asociate consumului concomitent de droguri.<\/p>\n<h2>Cum pot cump\u0103ra Viagra Generic \u00een siguran\u021b\u0103?<\/h2>\n<p>Achizi\u021bionarea \u00een siguran\u021b\u0103 a Viagra Generic implic\u0103 ob\u021binerea acestuia prin farmacii de renume, at\u00e2t online, c\u00e2t \u0219i offline. Este esen\u021bial s\u0103 se verifice legitimitatea farmaciilor online, asigur\u00e2ndu-ne c\u0103 acestea necesit\u0103 o re\u021bet\u0103 valabil\u0103 \u0219i sunt autorizate de autorit\u0103\u021bile de reglementare.<\/p>\n<p>Evita\u021bi achizi\u021bionarea de la surse care ofer\u0103 medicamentele f\u0103r\u0103 prescrip\u021bie medical\u0103, deoarece acestea ar putea vinde produse contraf\u0103cute. Pacien\u021bii ar trebui, de asemenea, s\u0103 fie aten\u021bi la pre\u021burile neobi\u0219nuit de sc\u0103zute, deoarece acestea ar putea indica o lips\u0103 de control al calit\u0103\u021bii sau autenticitate.<\/p>\n<h2>Este necesar\u0103 o re\u021bet\u0103 pentru Viagra Generic?<\/h2>\n<p>Da, este necesar\u0103 o re\u021bet\u0103 pentru a ob\u021bine Viagra Generic \u00een mod legal. Aceast\u0103 cerin\u021b\u0103 asigur\u0103 c\u0103 un furnizor de asisten\u021b\u0103 medical\u0103 a evaluat starea de s\u0103n\u0103tate a pacientului \u0219i a determinat caracterul adecvat al medicamentului. O re\u021bet\u0103 ajut\u0103, de asemenea, la atenuarea riscurilor poten\u021biale \u0219i a interac\u021biunilor cu alte medicamente.<\/p>\n<p>Ob\u021binerea unei re\u021bete implic\u0103 o consultare cu un medic, care va evalua istoricul medical, condi\u021biile actuale de s\u0103n\u0103tate \u0219i orice alte medicamente luate. Acest proces ajut\u0103 la asigurarea unui tratament sigur \u0219i eficient pentru disfunc\u021bia erectil\u0103.<\/p>\n<h2>Care este doza recomandat\u0103 pentru Viagra Generic?<\/h2>\n<p>Doza de pornire tipic\u0103 pentru Viagra Generic este de 50 mg, luat\u0103 dup\u0103 cum este necesar \u00eenainte de activitatea sexual\u0103. Pe baza r\u0103spunsului individual \u0219i a tolerabilit\u0103\u021bii, doza poate fi ajustat\u0103 de c\u0103tre un furnizor de asisten\u021b\u0103 medical\u0103 fie la 25 mg, fie la 100 mg.<\/p>\n<p>Este important ca pacien\u021bii s\u0103 urmeze instruc\u021biunile medicului lor \u0219i s\u0103 nu dep\u0103\u0219easc\u0103 doza recomandat\u0103. Program\u0103rile regulate de urm\u0103rire pot ajuta la evaluarea eficacit\u0103\u021bii \u0219i la efectuarea ajust\u0103rilor necesare regimului de tratament.<\/p>\n<h2>C\u00e2t dureaz\u0103 Viagra Generic dup\u0103 administrarea lui?<\/h2>\n<p>Dup\u0103 ingerare, Viagra Generic r\u0103m\u00e2ne \u00een general eficient timp de aproximativ patru p\u00e2n\u0103 la \u0219ase ore. Aceast\u0103 fereastr\u0103 permite o mai mare flexibilitate \u00een sincronizarea activit\u0103\u021bii sexuale. Cu toate acestea, durata poate varia \u00een func\u021bie de factori individuali, inclusiv v\u00e2rsta, metabolismul \u0219i starea general\u0103 de s\u0103n\u0103tate.<\/p>\n<p>\u00cen timp ce medicamentul ofer\u0103 o perioad\u0103 lung\u0103 de eficacitate, este important de re\u021binut c\u0103 nu provoac\u0103 o erec\u021bie continu\u0103; mai degrab\u0103, permite un r\u0103spuns erectil \u00eembun\u0103t\u0103\u021bit \u00een timpul excit\u0103rii sexuale \u00een intervalul de timp efectiv.<\/p>\n<h2>Exist\u0103 modific\u0103ri ale stilului de via\u021b\u0103 care pot spori eficacitatea Viagra Generic?<\/h2>\n<p>Adoptarea anumitor modific\u0103ri ale stilului de via\u021b\u0103 poate completa eficacitatea Viagra Generic. Exerci\u021biile fizice regulate, o diet\u0103 echilibrat\u0103 \u0219i men\u021binerea unei greut\u0103\u021bi s\u0103n\u0103toase pot \u00eembun\u0103t\u0103\u021bi s\u0103n\u0103tatea cardiovascular\u0103 general\u0103, \u00eembun\u0103t\u0103\u021bind astfel func\u021bia erectil\u0103.<\/p>\n<p>\u00cen plus, reducerea stresului prin tehnici de relaxare, cum ar fi medita\u021bia sau yoga, \u0219i limitarea consumului de alcool \u0219i tutun pot sprijini, de asemenea, o mai bun\u0103 s\u0103n\u0103tate sexual\u0103. Angajarea \u00eentr-o comunicare deschis\u0103 cu partenerul poate \u00eembun\u0103t\u0103\u021bi \u00een continuare aspectele psihologice \u0219i emo\u021bionale ale s\u0103n\u0103t\u0103\u021bii sexuale.<\/p>\n<h2>Femeile pot folosi Viagra Generic pentru disfunc\u021bia sexual\u0103?<\/h2>\n<p>Viagra Generic nu este aprobat pentru utilizare la femei pentru disfunc\u021bie sexual\u0103. \u00cen timp ce unele studii au explorat poten\u021bialele beneficii ale sildenafilului pentru tulbur\u0103rile de excitare sexual\u0103 feminin\u0103, rezultatele au fost neconcludente \u0219i nu au condus la aprobarea de reglementare.<\/p>\n<p>Femeile care se confrunt\u0103 cu disfunc\u021bie sexual\u0103 ar trebui s\u0103 consulte un furnizor de asisten\u021b\u0103 medical\u0103 pentru o evaluare cuprinz\u0103toare \u0219i posibile op\u021biuni de tratament, care sunt special concepute pentru s\u0103n\u0103tatea sexual\u0103 a femeilor.<\/p>\n<h2>Ce ar trebui s\u0103 fac dac\u0103 Viagra Generic nu func\u021bioneaz\u0103 pentru mine?<\/h2>\n<p>Dac\u0103 Viagra Generic nu produce rezultatele dorite, este important s\u0103 v\u0103 consulta\u021bi cu un furnizor de asisten\u021b\u0103 medical\u0103. Ei pot reevalua planul de tratament, lu\u00e2nd \u00een considerare factori precum ajust\u0103rile dozei sau terapiile alternative.<\/p>\n<p>Uneori, condi\u021biile de baz\u0103 sau factorii psihologici pot contribui la disfunc\u021bia erectil\u0103, necesit\u00e2nd o abordare multidisciplinar\u0103 a tratamentului. Comunicarea deschis\u0103 cu un furnizor de asisten\u021b\u0103 medical\u0103 poate ajuta la identificarea celui mai bun curs de ac\u021biune pentru a ob\u021bine rezultate satisf\u0103c\u0103toare.<\/p>\n","protected":false},"excerpt":{"rendered":"<p>\u00centreb\u0103ri frecvente despre Viagra Generic \u00cen\u021belegerea Viagra Generic implic\u0103 explorarea mecanismului s\u0103u, a diferen\u021belor fa\u021b\u0103 de versiunile de marc\u0103, a poten\u021bialelor efecte secundare \u0219i a ghidurilor de utilizare. Ce este Viagra Generic \u0219i cum func\u021bioneaz\u0103? Viagra Generic, cunoscut sub numele s\u0103u chimic de citrat de sildenafil, este un medicament utilizat pentru a trata disfunc\u021bia erectil\u0103 [&hellip;]<\/p>\n","protected":false},"author":1,"featured_media":0,"parent":0,"menu_order":0,"comment_status":"closed","ping_status":"closed","template":"","meta":{"footnotes":""},"class_list":["post-276371","page","type-page","status-publish","hentry"],"yoast_head":"<!-- This site is optimized with the Yoast SEO plugin v22.8 - https:\/\/yoast.com\/wordpress\/plugins\/seo\/ -->\n<title>Care sunt ingredientele active din Viagra Generic? - Tempat Uji Kompetensi Gresik - Cipta Karya<\/title>\n<meta name=\"robots\" content=\"index, follow, max-snippet:-1, max-image-preview:large, max-video-preview:-1\" \/>\n<link rel=\"canonical\" href=\"https:\/\/tukciptakarya.com\/index.php\/care-sunt-ingredientele-active-din-viagra-generic\/\" \/>\n<meta property=\"og:locale\" content=\"en_US\" \/>\n<meta property=\"og:type\" content=\"article\" \/>\n<meta property=\"og:title\" content=\"Care sunt ingredientele active din Viagra Generic? - Tempat Uji Kompetensi Gresik - Cipta Karya\" \/>\n<meta property=\"og:description\" content=\"\u00centreb\u0103ri frecvente despre Viagra Generic \u00cen\u021belegerea Viagra Generic implic\u0103 explorarea mecanismului s\u0103u, a diferen\u021belor fa\u021b\u0103 de versiunile de marc\u0103, a poten\u021bialelor efecte secundare \u0219i a ghidurilor de utilizare. Ce este Viagra Generic \u0219i cum func\u021bioneaz\u0103? Viagra Generic, cunoscut sub numele s\u0103u chimic de citrat de sildenafil, este un medicament utilizat pentru a trata disfunc\u021bia erectil\u0103 [&hellip;]\" \/>\n<meta property=\"og:url\" content=\"https:\/\/tukciptakarya.com\/index.php\/care-sunt-ingredientele-active-din-viagra-generic\/\" \/>\n<meta property=\"og:site_name\" content=\"Tempat Uji Kompetensi Gresik - Cipta Karya\" \/>\n<meta name=\"twitter:card\" content=\"summary_large_image\" \/>\n<meta name=\"twitter:label1\" content=\"Est. reading time\" \/>\n\t<meta name=\"twitter:data1\" content=\"9 minutes\" \/>\n<script type=\"application\/ld+json\" class=\"yoast-schema-graph\">{\"@context\":\"https:\/\/schema.org\",\"@graph\":[{\"@type\":\"WebPage\",\"@id\":\"https:\/\/tukciptakarya.com\/index.php\/care-sunt-ingredientele-active-din-viagra-generic\/\",\"url\":\"https:\/\/tukciptakarya.com\/index.php\/care-sunt-ingredientele-active-din-viagra-generic\/\",\"name\":\"Care sunt ingredientele active din Viagra Generic? - Tempat Uji Kompetensi Gresik - Cipta Karya\",\"isPartOf\":{\"@id\":\"https:\/\/tukciptakarya.com\/#website\"},\"datePublished\":\"2026-05-05T11:42:57+00:00\",\"dateModified\":\"2026-05-05T11:42:57+00:00\",\"breadcrumb\":{\"@id\":\"https:\/\/tukciptakarya.com\/index.php\/care-sunt-ingredientele-active-din-viagra-generic\/#breadcrumb\"},\"inLanguage\":\"en-US\",\"potentialAction\":[{\"@type\":\"ReadAction\",\"target\":[\"https:\/\/tukciptakarya.com\/index.php\/care-sunt-ingredientele-active-din-viagra-generic\/\"]}]},{\"@type\":\"BreadcrumbList\",\"@id\":\"https:\/\/tukciptakarya.com\/index.php\/care-sunt-ingredientele-active-din-viagra-generic\/#breadcrumb\",\"itemListElement\":[{\"@type\":\"ListItem\",\"position\":1,\"name\":\"Home\",\"item\":\"https:\/\/tukciptakarya.com\/\"},{\"@type\":\"ListItem\",\"position\":2,\"name\":\"Care sunt ingredientele active din Viagra Generic?\"}]},{\"@type\":\"WebSite\",\"@id\":\"https:\/\/tukciptakarya.com\/#website\",\"url\":\"https:\/\/tukciptakarya.com\/\",\"name\":\"Tempat Uji Kompetensi Gresik - Cipta Karya\",\"description\":\"\",\"potentialAction\":[{\"@type\":\"SearchAction\",\"target\":{\"@type\":\"EntryPoint\",\"urlTemplate\":\"https:\/\/tukciptakarya.com\/?s={search_term_string}\"},\"query-input\":\"required name=search_term_string\"}],\"inLanguage\":\"en-US\"}]}<\/script>\n<!-- \/ Yoast SEO plugin. -->","yoast_head_json":{"title":"Care sunt ingredientele active din Viagra Generic? - Tempat Uji Kompetensi Gresik - Cipta Karya","robots":{"index":"index","follow":"follow","max-snippet":"max-snippet:-1","max-image-preview":"max-image-preview:large","max-video-preview":"max-video-preview:-1"},"canonical":"https:\/\/tukciptakarya.com\/index.php\/care-sunt-ingredientele-active-din-viagra-generic\/","og_locale":"en_US","og_type":"article","og_title":"Care sunt ingredientele active din Viagra Generic? - Tempat Uji Kompetensi Gresik - Cipta Karya","og_description":"\u00centreb\u0103ri frecvente despre Viagra Generic \u00cen\u021belegerea Viagra Generic implic\u0103 explorarea mecanismului s\u0103u, a diferen\u021belor fa\u021b\u0103 de versiunile de marc\u0103, a poten\u021bialelor efecte secundare \u0219i a ghidurilor de utilizare. Ce este Viagra Generic \u0219i cum func\u021bioneaz\u0103? Viagra Generic, cunoscut sub numele s\u0103u chimic de citrat de sildenafil, este un medicament utilizat pentru a trata disfunc\u021bia erectil\u0103 [&hellip;]","og_url":"https:\/\/tukciptakarya.com\/index.php\/care-sunt-ingredientele-active-din-viagra-generic\/","og_site_name":"Tempat Uji Kompetensi Gresik - Cipta Karya","twitter_card":"summary_large_image","twitter_misc":{"Est. reading time":"9 minutes"},"schema":{"@context":"https:\/\/schema.org","@graph":[{"@type":"WebPage","@id":"https:\/\/tukciptakarya.com\/index.php\/care-sunt-ingredientele-active-din-viagra-generic\/","url":"https:\/\/tukciptakarya.com\/index.php\/care-sunt-ingredientele-active-din-viagra-generic\/","name":"Care sunt ingredientele active din Viagra Generic? - Tempat Uji Kompetensi Gresik - Cipta Karya","isPartOf":{"@id":"https:\/\/tukciptakarya.com\/#website"},"datePublished":"2026-05-05T11:42:57+00:00","dateModified":"2026-05-05T11:42:57+00:00","breadcrumb":{"@id":"https:\/\/tukciptakarya.com\/index.php\/care-sunt-ingredientele-active-din-viagra-generic\/#breadcrumb"},"inLanguage":"en-US","potentialAction":[{"@type":"ReadAction","target":["https:\/\/tukciptakarya.com\/index.php\/care-sunt-ingredientele-active-din-viagra-generic\/"]}]},{"@type":"BreadcrumbList","@id":"https:\/\/tukciptakarya.com\/index.php\/care-sunt-ingredientele-active-din-viagra-generic\/#breadcrumb","itemListElement":[{"@type":"ListItem","position":1,"name":"Home","item":"https:\/\/tukciptakarya.com\/"},{"@type":"ListItem","position":2,"name":"Care sunt ingredientele active din Viagra Generic?"}]},{"@type":"WebSite","@id":"https:\/\/tukciptakarya.com\/#website","url":"https:\/\/tukciptakarya.com\/","name":"Tempat Uji Kompetensi Gresik - Cipta Karya","description":"","potentialAction":[{"@type":"SearchAction","target":{"@type":"EntryPoint","urlTemplate":"https:\/\/tukciptakarya.com\/?s={search_term_string}"},"query-input":"required name=search_term_string"}],"inLanguage":"en-US"}]}},"_links":{"self":[{"href":"https:\/\/tukciptakarya.com\/index.php\/wp-json\/wp\/v2\/pages\/276371","targetHints":{"allow":["GET"]}}],"collection":[{"href":"https:\/\/tukciptakarya.com\/index.php\/wp-json\/wp\/v2\/pages"}],"about":[{"href":"https:\/\/tukciptakarya.com\/index.php\/wp-json\/wp\/v2\/types\/page"}],"author":[{"embeddable":true,"href":"https:\/\/tukciptakarya.com\/index.php\/wp-json\/wp\/v2\/users\/1"}],"replies":[{"embeddable":true,"href":"https:\/\/tukciptakarya.com\/index.php\/wp-json\/wp\/v2\/comments?post=276371"}],"version-history":[{"count":1,"href":"https:\/\/tukciptakarya.com\/index.php\/wp-json\/wp\/v2\/pages\/276371\/revisions"}],"predecessor-version":[{"id":276372,"href":"https:\/\/tukciptakarya.com\/index.php\/wp-json\/wp\/v2\/pages\/276371\/revisions\/276372"}],"wp:attachment":[{"href":"https:\/\/tukciptakarya.com\/index.php\/wp-json\/wp\/v2\/media?parent=276371"}],"curies":[{"name":"wp","href":"https:\/\/api.w.org\/{rel}","templated":true}]}}